{"id":1028,"date":"2025-04-12T11:57:08","date_gmt":"2025-04-12T11:57:08","guid":{"rendered":"https:\/\/artbypiafa.com\/ta-kontakt\/"},"modified":"2026-04-02T11:26:43","modified_gmt":"2026-04-02T11:26:43","slug":"ta-kontakt","status":"publish","type":"page","link":"https:\/\/artbypiafa.com\/fi\/ta-kontakt\/","title":{"rendered":"Yhteystiedot"},"content":{"rendered":"<p>Tervetuloa verkkosivuilleni. Nimeni on Pia ja olen valokuvannut vuodesta 2002 l\u00e4htien. T\u00e4ll\u00e4 sivustolla on my\u00f6s esill\u00e4 joitakin maalauksiani. Toimin Pohjanmaalla.<\/p>\n<p>Pia F\u00e5gelberg<br \/>\ns\u00e4hk\u00f6posti: pfagelberg@gmail.com<\/p>\n<h3>Yhteydenottolomake &amp; palaute<\/h3>\n\n<div class=\"wpcf7 no-js\" id=\"wpcf7-f1131-o1\" lang=\"fi\" dir=\"ltr\" data-wpcf7-id=\"1131\">\n<div class=\"screen-reader-response\"><p role=\"status\" aria-live=\"polite\" aria-atomic=\"true\"><\/p> <ul><\/ul><\/div>\n<form action=\"\/fi\/wp-json\/wp\/v2\/pages\/1028#wpcf7-f1131-o1\" method=\"post\" class=\"wpcf7-form init\" aria-label=\"Yhteydenottolomake\" novalidate=\"novalidate\" data-status=\"init\">\n<fieldset class=\"hidden-fields-container\"><input type=\"hidden\" name=\"_wpcf7\" value=\"1131\" \/><input type=\"hidden\" name=\"_wpcf7_version\" value=\"6.1.1\" \/><input type=\"hidden\" name=\"_wpcf7_locale\" value=\"fi\" \/><input type=\"hidden\" name=\"_wpcf7_unit_tag\" value=\"wpcf7-f1131-o1\" \/><input type=\"hidden\" name=\"_wpcf7_container_post\" value=\"0\" \/><input type=\"hidden\" name=\"_wpcf7_posted_data_hash\" value=\"\" \/>\n<\/fieldset>\n<p><label> Nimesi<br \/>\n<span class=\"wpcf7-form-control-wrap\" data-name=\"your-name\"><input size=\"40\" maxlength=\"400\" class=\"wpcf7-form-control wpcf7-text wpcf7-validates-as-required\" autocomplete=\"name\" aria-required=\"true\" aria-invalid=\"false\" value=\"\" type=\"text\" name=\"your-name\" \/><\/span> <\/label>\n<\/p>\n<p><label> S\u00e4hk\u00f6postiosoitteesi<br \/>\n<span class=\"wpcf7-form-control-wrap\" data-name=\"your-email\"><input size=\"40\" maxlength=\"400\" class=\"wpcf7-form-control wpcf7-email wpcf7-validates-as-required wpcf7-text wpcf7-validates-as-email\" autocomplete=\"email\" aria-required=\"true\" aria-invalid=\"false\" value=\"\" type=\"email\" name=\"your-email\" \/><\/span> <\/label>\n<\/p>\n<p><label> Aihe<br \/>\n<span class=\"wpcf7-form-control-wrap\" data-name=\"your-subject\"><input size=\"40\" maxlength=\"400\" class=\"wpcf7-form-control wpcf7-text wpcf7-validates-as-required\" aria-required=\"true\" aria-invalid=\"false\" value=\"\" type=\"text\" name=\"your-subject\" \/><\/span> <\/label>\n<\/p>\n<p><label> Viestisi<br \/>\n<span class=\"wpcf7-form-control-wrap\" data-name=\"your-message\"><textarea cols=\"40\" rows=\"10\" maxlength=\"2000\" class=\"wpcf7-form-control wpcf7-textarea\" aria-invalid=\"false\" name=\"your-message\"><\/textarea><\/span> <\/label>\n<\/p>\n<p><input class=\"wpcf7-form-control wpcf7-submit has-spinner\" type=\"submit\" value=\"L\u00e4het\u00e4\" \/>\n<\/p><div class=\"wpcf7-response-output\" aria-hidden=\"true\"><\/div>\n<\/form>\n<\/div>\n\n","protected":false},"excerpt":{"rendered":"<p>Tervetuloa verkkosivuilleni. Nimeni on Pia ja olen valokuvannut vuodesta 2002 l\u00e4htien. T\u00e4ll\u00e4 sivustolla on my\u00f6s esill\u00e4 joitakin maalauksiani. Toimin Pohjanmaalla. Pia F\u00e5gelberg s\u00e4hk\u00f6posti: pfagelberg@gmail.com Yhteydenottolomake &amp; palaute<\/p>\n","protected":false},"author":1,"featured_media":0,"parent":0,"menu_order":0,"comment_status":"closed","ping_status":"closed","template":"","meta":{"footnotes":""},"class_list":["post-1028","page","type-page","status-publish","hentry"],"_links":{"self":[{"href":"https:\/\/artbypiafa.com\/fi\/wp-json\/wp\/v2\/pages\/1028","targetHints":{"allow":["GET"]}}],"collection":[{"href":"https:\/\/artbypiafa.com\/fi\/wp-json\/wp\/v2\/pages"}],"about":[{"href":"https:\/\/artbypiafa.com\/fi\/wp-json\/wp\/v2\/types\/page"}],"author":[{"embeddable":true,"href":"https:\/\/artbypiafa.com\/fi\/wp-json\/wp\/v2\/users\/1"}],"replies":[{"embeddable":true,"href":"https:\/\/artbypiafa.com\/fi\/wp-json\/wp\/v2\/comments?post=1028"}],"version-history":[{"count":29,"href":"https:\/\/artbypiafa.com\/fi\/wp-json\/wp\/v2\/pages\/1028\/revisions"}],"predecessor-version":[{"id":2323,"href":"https:\/\/artbypiafa.com\/fi\/wp-json\/wp\/v2\/pages\/1028\/revisions\/2323"}],"wp:attachment":[{"href":"https:\/\/artbypiafa.com\/fi\/wp-json\/wp\/v2\/media?parent=1028"}],"curies":[{"name":"wp","href":"https:\/\/api.w.org\/{rel}","templated":true}]}}